{"id":2747,"date":"2026-03-08T15:17:36","date_gmt":"2026-03-08T14:17:36","guid":{"rendered":"https:\/\/cabinet-des-etoiles.fr\/?page_id=2747"},"modified":"2026-04-19T18:32:40","modified_gmt":"2026-04-19T16:32:40","slug":"tarifs","status":"publish","type":"page","link":"https:\/\/cabinet-des-etoiles.fr\/?page_id=2747","title":{"rendered":"Tarifs"},"content":{"rendered":"\t\t<div data-elementor-type=\"wp-page\" data-elementor-id=\"2747\" class=\"elementor elementor-2747\">\n\t\t\t\t<div class=\"elementor-element elementor-element-e26bd8b e-con-full elementor-hidden-mobile e-flex jltma-glass-effect-no e-con e-parent\" data-id=\"e26bd8b\" data-element_type=\"container\" data-e-type=\"container\">\n\t\t<div class=\"elementor-element elementor-element-877a035 e-con-full e-flex jltma-glass-effect-no e-con e-child\" data-id=\"877a035\" data-element_type=\"container\" data-e-type=\"container\">\n\t\t\t\t<div class=\"elementor-element elementor-element-e3d46e3 elementor-widget__width-initial elementor-widget-tablet__width-inherit elementor-widget-mobile__width-initial jltma-glass-effect-no elementor-widget elementor-widget-image\" data-id=\"e3d46e3\" data-element_type=\"widget\" data-e-type=\"widget\" data-widget_type=\"image.default\">\n\t\t\t\t<div class=\"elementor-widget-container\">\n\t\t\t\t\t\t\t\t\t\t\t\t\t\t\t<img fetchpriority=\"high\" decoding=\"async\" width=\"1017\" height=\"191\" src=\"https:\/\/cabinet-des-etoiles.fr\/wp-content\/uploads\/2026\/03\/TARIFS.png\" class=\"attachment-full size-full wp-image-3418\" alt=\"\" srcset=\"https:\/\/cabinet-des-etoiles.fr\/wp-content\/uploads\/2026\/03\/TARIFS.png 1017w, https:\/\/cabinet-des-etoiles.fr\/wp-content\/uploads\/2026\/03\/TARIFS-300x56.png 300w, https:\/\/cabinet-des-etoiles.fr\/wp-content\/uploads\/2026\/03\/TARIFS-768x144.png 768w\" sizes=\"(max-width: 1017px) 100vw, 1017px\" \/>\t\t\t\t\t\t\t\t\t\t\t\t\t\t\t<\/div>\n\t\t\t\t<\/div>\n\t\t\t\t<\/div>\n\t\t<div class=\"elementor-element elementor-element-e294b10 e-con-full e-flex jltma-glass-effect-no e-con e-child\" data-id=\"e294b10\" data-element_type=\"container\" data-e-type=\"container\">\n\t\t\t\t<div class=\"elementor-element elementor-element-f8a2306 elementor-widget-tablet__width-inherit jltma-glass-effect-no elementor-widget elementor-widget-image\" data-id=\"f8a2306\" data-element_type=\"widget\" data-e-type=\"widget\" data-widget_type=\"image.default\">\n\t\t\t\t<div class=\"elementor-widget-container\">\n\t\t\t\t\t\t\t\t\t\t\t\t\t\t\t<img decoding=\"async\" width=\"347\" height=\"180\" src=\"https:\/\/cabinet-des-etoiles.fr\/wp-content\/uploads\/2026\/03\/strap-beaucoup-mieux-1.png\" class=\"attachment-full size-full wp-image-3425\" alt=\"\" srcset=\"https:\/\/cabinet-des-etoiles.fr\/wp-content\/uploads\/2026\/03\/strap-beaucoup-mieux-1.png 347w, https:\/\/cabinet-des-etoiles.fr\/wp-content\/uploads\/2026\/03\/strap-beaucoup-mieux-1-300x156.png 300w\" sizes=\"(max-width: 347px) 100vw, 347px\" \/>\t\t\t\t\t\t\t\t\t\t\t\t\t\t\t<\/div>\n\t\t\t\t<\/div>\n\t\t\t\t<\/div>\n\t\t\t\t<\/div>\n\t\t<div class=\"elementor-element elementor-element-556958a e-con-full elementor-hidden-mobile e-flex jltma-glass-effect-no e-con e-parent\" data-id=\"556958a\" data-element_type=\"container\" data-e-type=\"container\">\n\t\t\t\t<div class=\"elementor-element elementor-element-9b38117 elementor-widget__width-initial elementor-widget-tablet__width-initial elementor-widget-mobile__width-initial jltma-glass-effect-no elementor-widget elementor-widget-heading\" data-id=\"9b38117\" data-element_type=\"widget\" data-e-type=\"widget\" data-widget_type=\"heading.default\">\n\t\t\t\t<div class=\"elementor-widget-container\">\n\t\t\t\t\t<h2 class=\"elementor-heading-title elementor-size-default\">Nous sommes <b>conventionn\u00e9s<\/b> et pratiquons les tarifs de la S\u00e9curit\u00e9 sociale que vous pouvez retrouver en int\u00e9gralit\u00e9 <u><b><a href=\"https:\/\/snmkr.fr\/wp-content\/uploads\/2025\/12\/tableau-ngap_v15a.pdf\" target=\"_blank\" rel=\"noopener noreferrer\">ici<\/a><\/b><\/u>.<br><br>Nous ne pratiquons pas de <b>d\u00e9passements d'honoraires <\/b>sauf en cas d'exigence exceptionnelle (horaire, lieu, acte hors parcours de soin)<\/h2>\t\t\t\t<\/div>\n\t\t\t\t<\/div>\n\t\t\t\t<div class=\"elementor-element elementor-element-81bbca3 elementor-widget__width-initial elementor-hidden-tablet elementor-hidden-mobile jltma-glass-effect-no elementor-widget elementor-widget-image\" data-id=\"81bbca3\" data-element_type=\"widget\" data-e-type=\"widget\" data-widget_type=\"image.default\">\n\t\t\t\t<div class=\"elementor-widget-container\">\n\t\t\t\t\t\t\t\t\t\t\t\t\t\t\t<img decoding=\"async\" src=\"https:\/\/cabinet-des-etoiles.fr\/wp-content\/uploads\/2026\/03\/baton-2-1.png\" title=\"\" alt=\"\" loading=\"lazy\" \/>\t\t\t\t\t\t\t\t\t\t\t\t\t\t\t<\/div>\n\t\t\t\t<\/div>\n\t\t\t\t<div class=\"elementor-element elementor-element-f3041b7 elementor-widget__width-initial elementor-widget-tablet__width-initial elementor-widget-mobile__width-initial jltma-glass-effect-no elementor-widget elementor-widget-heading\" data-id=\"f3041b7\" data-element_type=\"widget\" data-e-type=\"widget\" data-widget_type=\"heading.default\">\n\t\t\t\t<div class=\"elementor-widget-container\">\n\t\t\t\t\t<h2 class=\"elementor-heading-title elementor-size-default\">Les s\u00e9ances sont rembours\u00e9es<br> <b>\u00e0 100<\/b>% dont :<br><br> \u202d<b>\u2713<\/b> 60 % par l'assurance maladie<br><b>\u2713<\/b> 40% par votre mutuelle<br><br>Nous pratiquons le tiers-payant int\u00e9gral quand cela est possible.<\/h2>\t\t\t\t<\/div>\n\t\t\t\t<\/div>\n\t\t\t\t<div class=\"elementor-element elementor-element-9510e57 elementor-widget__width-initial elementor-hidden-tablet elementor-hidden-mobile jltma-glass-effect-no elementor-widget elementor-widget-image\" data-id=\"9510e57\" data-element_type=\"widget\" data-e-type=\"widget\" data-widget_type=\"image.default\">\n\t\t\t\t<div class=\"elementor-widget-container\">\n\t\t\t\t\t\t\t\t\t\t\t\t\t\t\t<img decoding=\"async\" src=\"https:\/\/cabinet-des-etoiles.fr\/wp-content\/uploads\/2026\/03\/baton-3.png\" title=\"\" alt=\"\" loading=\"lazy\" \/>\t\t\t\t\t\t\t\t\t\t\t\t\t\t\t<\/div>\n\t\t\t\t<\/div>\n\t\t\t\t<div class=\"elementor-element elementor-element-d7f78c2 elementor-widget__width-initial elementor-widget-tablet__width-initial elementor-widget-mobile__width-initial jltma-glass-effect-no elementor-widget elementor-widget-heading\" data-id=\"d7f78c2\" data-element_type=\"widget\" data-e-type=\"widget\" data-widget_type=\"heading.default\">\n\t\t\t\t<div class=\"elementor-widget-container\">\n\t\t\t\t\t<h2 class=\"elementor-heading-title elementor-size-default\">Une<b> ordonnance<\/b> de votre m\u00e9decin est obligatoire pour consulter votre kin\u00e9 et b\u00e9n\u00e9ficier d'un remboursement.<br><br>Les actes hors parcours de soin ou hors convention ne sont pas rembours\u00e9s m\u00eames s'ils sont prescrits. (ex: massage cicatriciel, drainage lymphatique sans lymph\u0153d\u00e8me vrai) <\/h2>\t\t\t\t<\/div>\n\t\t\t\t<\/div>\n\t\t\t\t<\/div>\n\t\t<div class=\"elementor-element elementor-element-11f3a7b elementor-hidden-mobile e-flex e-con-boxed jltma-glass-effect-no e-con e-parent\" data-id=\"11f3a7b\" data-element_type=\"container\" data-e-type=\"container\">\n\t\t\t\t\t<div class=\"e-con-inner\">\n\t\t<div class=\"elementor-element elementor-element-02b95e3 e-con-full e-flex jltma-glass-effect-no e-con e-child\" data-id=\"02b95e3\" data-element_type=\"container\" data-e-type=\"container\">\n\t\t\t\t<div class=\"elementor-element elementor-element-b87e88a elementor-widget__width-initial jltma-glass-effect-no elementor-widget elementor-widget-image\" data-id=\"b87e88a\" data-element_type=\"widget\" data-e-type=\"widget\" data-widget_type=\"image.default\">\n\t\t\t\t<div class=\"elementor-widget-container\">\n\t\t\t\t\t\t\t\t\t\t\t\t\t\t\t<img decoding=\"async\" width=\"1242\" height=\"516\" src=\"https:\/\/cabinet-des-etoiles.fr\/wp-content\/uploads\/2026\/04\/EXEMPLE-ACTES-HD.png\" class=\"attachment-full size-full wp-image-4707\" alt=\"\" srcset=\"https:\/\/cabinet-des-etoiles.fr\/wp-content\/uploads\/2026\/04\/EXEMPLE-ACTES-HD.png 1242w, https:\/\/cabinet-des-etoiles.fr\/wp-content\/uploads\/2026\/04\/EXEMPLE-ACTES-HD-300x125.png 300w, https:\/\/cabinet-des-etoiles.fr\/wp-content\/uploads\/2026\/04\/EXEMPLE-ACTES-HD-1024x425.png 1024w, https:\/\/cabinet-des-etoiles.fr\/wp-content\/uploads\/2026\/04\/EXEMPLE-ACTES-HD-768x319.png 768w\" sizes=\"(max-width: 1242px) 100vw, 1242px\" \/>\t\t\t\t\t\t\t\t\t\t\t\t\t\t\t<\/div>\n\t\t\t\t<\/div>\n\t\t\t\t<\/div>\n\t\t<div class=\"elementor-element elementor-element-af67d0c e-con-full e-flex jltma-glass-effect-no e-con e-child\" data-id=\"af67d0c\" data-element_type=\"container\" data-e-type=\"container\">\n\t\t\t\t<div class=\"elementor-element elementor-element-575a481 elementor-widget__width-initial elementor-widget-tablet__width-initial jltma-glass-effect-no elementor-widget elementor-widget-heading\" data-id=\"575a481\" data-element_type=\"widget\" data-e-type=\"widget\" data-widget_type=\"heading.default\">\n\t\t\t\t<div class=\"elementor-widget-container\">\n\t\t\t\t\t<h2 class=\"elementor-heading-title elementor-size-default\">Bilan kin\u00e9 de r\u00e9\u00e9ducation fonctionnelle<\/h2>\t\t\t\t<\/div>\n\t\t\t\t<\/div>\n\t\t\t\t<div class=\"elementor-element elementor-element-fdbe4de jltma-glass-effect-no elementor-widget elementor-widget-heading\" data-id=\"fdbe4de\" data-element_type=\"widget\" data-e-type=\"widget\" data-widget_type=\"heading.default\">\n\t\t\t\t<div class=\"elementor-widget-container\">\n\t\t\t\t\t<h2 class=\"elementor-heading-title elementor-size-default\">23,65\u20ac<\/h2>\t\t\t\t<\/div>\n\t\t\t\t<\/div>\n\t\t\t\t<\/div>\n\t\t<div class=\"elementor-element elementor-element-9bf6ea5 e-con-full e-flex jltma-glass-effect-no e-con e-child\" data-id=\"9bf6ea5\" data-element_type=\"container\" data-e-type=\"container\">\n\t\t\t\t<div class=\"elementor-element elementor-element-83279f6 elementor-widget__width-initial elementor-widget-tablet__width-initial jltma-glass-effect-no elementor-widget elementor-widget-heading\" data-id=\"83279f6\" data-element_type=\"widget\" data-e-type=\"widget\" data-widget_type=\"heading.default\">\n\t\t\t\t<div class=\"elementor-widget-container\">\n\t\t\t\t\t<h2 class=\"elementor-heading-title elementor-size-default\">Entorse r\u00e9cente de la cheville<\/h2>\t\t\t\t<\/div>\n\t\t\t\t<\/div>\n\t\t\t\t<div class=\"elementor-element elementor-element-163a0d9 jltma-glass-effect-no elementor-widget elementor-widget-heading\" data-id=\"163a0d9\" data-element_type=\"widget\" data-e-type=\"widget\" data-widget_type=\"heading.default\">\n\t\t\t\t<div class=\"elementor-widget-container\">\n\t\t\t\t\t<h2 class=\"elementor-heading-title elementor-size-default\">17,90\u20ac<\/h2>\t\t\t\t<\/div>\n\t\t\t\t<\/div>\n\t\t\t\t<\/div>\n\t\t<div class=\"elementor-element elementor-element-9ec1462 e-con-full e-flex jltma-glass-effect-no e-con e-child\" data-id=\"9ec1462\" data-element_type=\"container\" data-e-type=\"container\">\n\t\t\t\t<div class=\"elementor-element elementor-element-9488531 elementor-widget__width-initial elementor-widget-tablet__width-initial jltma-glass-effect-no elementor-widget elementor-widget-heading\" data-id=\"9488531\" data-element_type=\"widget\" data-e-type=\"widget\" data-widget_type=\"heading.default\">\n\t\t\t\t<div class=\"elementor-widget-container\">\n\t\t\t\t\t<h2 class=\"elementor-heading-title elementor-size-default\">Lombalgie commune<br><\/h2>\t\t\t\t<\/div>\n\t\t\t\t<\/div>\n\t\t\t\t<div class=\"elementor-element elementor-element-40862b1 jltma-glass-effect-no elementor-widget elementor-widget-heading\" data-id=\"40862b1\" data-element_type=\"widget\" data-e-type=\"widget\" data-widget_type=\"heading.default\">\n\t\t\t\t<div class=\"elementor-widget-container\">\n\t\t\t\t\t<h2 class=\"elementor-heading-title elementor-size-default\">17,88\u20ac<\/h2>\t\t\t\t<\/div>\n\t\t\t\t<\/div>\n\t\t\t\t<\/div>\n\t\t\t\t\t<\/div>\n\t\t\t\t<\/div>\n\t\t<div class=\"elementor-element elementor-element-174b202 e-con-full elementor-hidden-desktop elementor-hidden-tablet e-flex jltma-glass-effect-no e-con e-parent\" data-id=\"174b202\" data-element_type=\"container\" data-e-type=\"container\">\n\t\t\t\t<div class=\"elementor-element elementor-element-9bf5f2b elementor-widget__width-initial elementor-widget-tablet__width-inherit elementor-widget-mobile__width-initial jltma-glass-effect-no elementor-widget elementor-widget-image\" data-id=\"9bf5f2b\" data-element_type=\"widget\" data-e-type=\"widget\" data-widget_type=\"image.default\">\n\t\t\t\t<div class=\"elementor-widget-container\">\n\t\t\t\t\t\t\t\t\t\t\t\t\t\t\t<img loading=\"lazy\" decoding=\"async\" width=\"1181\" height=\"470\" src=\"https:\/\/cabinet-des-etoiles.fr\/wp-content\/uploads\/2026\/03\/tarifs-mobile.png\" class=\"attachment-full size-full wp-image-3815\" alt=\"\" srcset=\"https:\/\/cabinet-des-etoiles.fr\/wp-content\/uploads\/2026\/03\/tarifs-mobile.png 1181w, https:\/\/cabinet-des-etoiles.fr\/wp-content\/uploads\/2026\/03\/tarifs-mobile-300x119.png 300w, https:\/\/cabinet-des-etoiles.fr\/wp-content\/uploads\/2026\/03\/tarifs-mobile-1024x408.png 1024w, https:\/\/cabinet-des-etoiles.fr\/wp-content\/uploads\/2026\/03\/tarifs-mobile-768x306.png 768w\" sizes=\"(max-width: 1181px) 100vw, 1181px\" \/>\t\t\t\t\t\t\t\t\t\t\t\t\t\t\t<\/div>\n\t\t\t\t<\/div>\n\t\t\t\t<\/div>\n\t\t<div class=\"elementor-element elementor-element-28efa57 e-con-full elementor-hidden-desktop elementor-hidden-tablet e-flex jltma-glass-effect-no e-con e-parent\" data-id=\"28efa57\" data-element_type=\"container\" data-e-type=\"container\">\n\t\t\t\t<div class=\"elementor-element elementor-element-ea062c2 elementor-widget__width-initial elementor-widget-mobile__width-initial jltma-glass-effect-no elementor-widget elementor-widget-heading\" data-id=\"ea062c2\" data-element_type=\"widget\" data-e-type=\"widget\" data-widget_type=\"heading.default\">\n\t\t\t\t<div class=\"elementor-widget-container\">\n\t\t\t\t\t<h2 class=\"elementor-heading-title elementor-size-default\">Nous sommes <b>conventionn\u00e9s<\/b> et pratiquons les tarifs de la S\u00e9curit\u00e9 sociale que vous pouvez retrouver en int\u00e9gralit\u00e9 <u><b><a href=\"https:\/\/snmkr.fr\/wp-content\/uploads\/2025\/12\/tableau-ngap_v15a.pdf\" target=\"_blank\" rel=\"noopener noreferrer\">ici<\/a><\/b><\/u>.<br><br>Nous ne pratiquons pas de <b>d\u00e9passements d'honoraires <\/b>sauf en cas d'exigence exceptionnelle (horaire, lieu, acte hors parcours de soin)<\/h2>\t\t\t\t<\/div>\n\t\t\t\t<\/div>\n\t\t\t\t<div class=\"elementor-element elementor-element-5159ead elementor-widget__width-initial elementor-widget-mobile__width-initial jltma-glass-effect-no elementor-widget elementor-widget-heading\" data-id=\"5159ead\" data-element_type=\"widget\" data-e-type=\"widget\" data-widget_type=\"heading.default\">\n\t\t\t\t<div class=\"elementor-widget-container\">\n\t\t\t\t\t<h2 class=\"elementor-heading-title elementor-size-default\">Les s\u00e9ances sont rembours\u00e9es <b>\u00e0 100<\/b>% dont <b>60%<\/b> par l'assurance maladie et <b>40%<\/b> par votre mutuelle.<br><br>Nous pratiquons un tiers payant int\u00e9gral quand cela est possible.<\/h2>\t\t\t\t<\/div>\n\t\t\t\t<\/div>\n\t\t\t\t<div class=\"elementor-element elementor-element-b269065 elementor-widget__width-initial elementor-widget-mobile__width-initial jltma-glass-effect-no elementor-widget elementor-widget-heading\" data-id=\"b269065\" data-element_type=\"widget\" data-e-type=\"widget\" data-widget_type=\"heading.default\">\n\t\t\t\t<div class=\"elementor-widget-container\">\n\t\t\t\t\t<h2 class=\"elementor-heading-title elementor-size-default\">Une<b> ordonnance<\/b> de votre m\u00e9decin est obligatoire pour consulter votre kin\u00e9 et b\u00e9n\u00e9ficier d'un remboursement.<br><br>Les actes hors parcours de soin ou hors convention ne sont pas rembours\u00e9s m\u00eames s'ils sont prescrits. (ex: massage cicatriciel, drainage lymphatique sans lymph\u0153d\u00e8me vrai).<\/h2>\t\t\t\t<\/div>\n\t\t\t\t<\/div>\n\t\t\t\t<\/div>\n\t\t<div class=\"elementor-element elementor-element-4eaf950 elementor-hidden-desktop elementor-hidden-tablet e-flex e-con-boxed jltma-glass-effect-no e-con e-parent\" data-id=\"4eaf950\" data-element_type=\"container\" data-e-type=\"container\">\n\t\t\t\t\t<div class=\"e-con-inner\">\n\t\t<div class=\"elementor-element elementor-element-8f292c0 e-con-full e-flex jltma-glass-effect-no e-con e-child\" data-id=\"8f292c0\" data-element_type=\"container\" data-e-type=\"container\">\n\t\t\t\t<div class=\"elementor-element elementor-element-825e91b elementor-widget__width-initial elementor-widget-mobile__width-initial jltma-glass-effect-no elementor-widget elementor-widget-image\" data-id=\"825e91b\" data-element_type=\"widget\" data-e-type=\"widget\" data-widget_type=\"image.default\">\n\t\t\t\t<div class=\"elementor-widget-container\">\n\t\t\t\t\t\t\t\t\t\t\t\t\t\t\t<img decoding=\"async\" width=\"1242\" height=\"516\" src=\"https:\/\/cabinet-des-etoiles.fr\/wp-content\/uploads\/2026\/04\/EXEMPLE-ACTES-HD.png\" class=\"attachment-full size-full wp-image-4707\" alt=\"\" srcset=\"https:\/\/cabinet-des-etoiles.fr\/wp-content\/uploads\/2026\/04\/EXEMPLE-ACTES-HD.png 1242w, https:\/\/cabinet-des-etoiles.fr\/wp-content\/uploads\/2026\/04\/EXEMPLE-ACTES-HD-300x125.png 300w, https:\/\/cabinet-des-etoiles.fr\/wp-content\/uploads\/2026\/04\/EXEMPLE-ACTES-HD-1024x425.png 1024w, https:\/\/cabinet-des-etoiles.fr\/wp-content\/uploads\/2026\/04\/EXEMPLE-ACTES-HD-768x319.png 768w\" sizes=\"(max-width: 1242px) 100vw, 1242px\" \/>\t\t\t\t\t\t\t\t\t\t\t\t\t\t\t<\/div>\n\t\t\t\t<\/div>\n\t\t\t\t<\/div>\n\t\t<div class=\"elementor-element elementor-element-03bdbe2 e-con-full e-flex jltma-glass-effect-no e-con e-child\" data-id=\"03bdbe2\" data-element_type=\"container\" data-e-type=\"container\">\n\t\t\t\t<div class=\"elementor-element elementor-element-5608b42 elementor-widget__width-initial elementor-widget-tablet__width-initial elementor-widget-mobile__width-initial jltma-glass-effect-no elementor-widget elementor-widget-heading\" data-id=\"5608b42\" data-element_type=\"widget\" data-e-type=\"widget\" data-widget_type=\"heading.default\">\n\t\t\t\t<div class=\"elementor-widget-container\">\n\t\t\t\t\t<h2 class=\"elementor-heading-title elementor-size-default\">Bilan kin\u00e9 de r\u00e9\u00e9ducation fonctionnelle<\/h2>\t\t\t\t<\/div>\n\t\t\t\t<\/div>\n\t\t\t\t<div class=\"elementor-element elementor-element-0026391 jltma-glass-effect-no elementor-widget elementor-widget-heading\" data-id=\"0026391\" data-element_type=\"widget\" data-e-type=\"widget\" data-widget_type=\"heading.default\">\n\t\t\t\t<div class=\"elementor-widget-container\">\n\t\t\t\t\t<h2 class=\"elementor-heading-title elementor-size-default\">23,65\u20ac<\/h2>\t\t\t\t<\/div>\n\t\t\t\t<\/div>\n\t\t\t\t<\/div>\n\t\t<div class=\"elementor-element elementor-element-100fb73 e-con-full e-flex jltma-glass-effect-no e-con e-child\" data-id=\"100fb73\" data-element_type=\"container\" data-e-type=\"container\">\n\t\t\t\t<div class=\"elementor-element elementor-element-0632d21 elementor-widget__width-initial elementor-widget-tablet__width-initial elementor-widget-mobile__width-initial jltma-glass-effect-no elementor-widget elementor-widget-heading\" data-id=\"0632d21\" data-element_type=\"widget\" data-e-type=\"widget\" data-widget_type=\"heading.default\">\n\t\t\t\t<div class=\"elementor-widget-container\">\n\t\t\t\t\t<h2 class=\"elementor-heading-title elementor-size-default\">Entorse r\u00e9cente de la cheville<\/h2>\t\t\t\t<\/div>\n\t\t\t\t<\/div>\n\t\t\t\t<div class=\"elementor-element elementor-element-932f493 jltma-glass-effect-no elementor-widget elementor-widget-heading\" data-id=\"932f493\" data-element_type=\"widget\" data-e-type=\"widget\" data-widget_type=\"heading.default\">\n\t\t\t\t<div class=\"elementor-widget-container\">\n\t\t\t\t\t<h2 class=\"elementor-heading-title elementor-size-default\">17,90\u20ac<\/h2>\t\t\t\t<\/div>\n\t\t\t\t<\/div>\n\t\t\t\t<\/div>\n\t\t<div class=\"elementor-element elementor-element-6704465 e-con-full e-flex jltma-glass-effect-no e-con e-child\" data-id=\"6704465\" data-element_type=\"container\" data-e-type=\"container\">\n\t\t\t\t<div class=\"elementor-element elementor-element-ef285a5 elementor-widget__width-initial elementor-widget-tablet__width-initial elementor-widget-mobile__width-initial jltma-glass-effect-no elementor-widget elementor-widget-heading\" data-id=\"ef285a5\" data-element_type=\"widget\" data-e-type=\"widget\" data-widget_type=\"heading.default\">\n\t\t\t\t<div class=\"elementor-widget-container\">\n\t\t\t\t\t<h2 class=\"elementor-heading-title elementor-size-default\">Lombalgie commune<br><\/h2>\t\t\t\t<\/div>\n\t\t\t\t<\/div>\n\t\t\t\t<div class=\"elementor-element elementor-element-e705c7b jltma-glass-effect-no elementor-widget elementor-widget-heading\" data-id=\"e705c7b\" data-element_type=\"widget\" data-e-type=\"widget\" data-widget_type=\"heading.default\">\n\t\t\t\t<div class=\"elementor-widget-container\">\n\t\t\t\t\t<h2 class=\"elementor-heading-title elementor-size-default\">17,88\u20ac<\/h2>\t\t\t\t<\/div>\n\t\t\t\t<\/div>\n\t\t\t\t<\/div>\n\t\t\t\t\t<\/div>\n\t\t\t\t<\/div>\n\t\t<div class=\"elementor-element elementor-element-e048059 e-flex e-con-boxed jltma-glass-effect-no e-con e-parent\" data-id=\"e048059\" data-element_type=\"container\" data-e-type=\"container\">\n\t\t\t\t\t<div class=\"e-con-inner\">\n\t\t\t\t\t<\/div>\n\t\t\t\t<\/div>\n\t\t\t\t<\/div>\n\t\t","protected":false},"excerpt":{"rendered":"<p>Nous sommes conventionn\u00e9s et pratiquons les tarifs de la S\u00e9curit\u00e9 sociale que vous pouvez retrouver en int\u00e9gralit\u00e9 ici. Nous ne pratiquons pas de d\u00e9passements d&rsquo;honoraires sauf en cas d&rsquo;exigence exceptionnelle (horaire, lieu, acte hors parcours de soin) Les s\u00e9ances sont rembours\u00e9es \u00e0 100% dont : \u202d\u2713 60 % par l&rsquo;assurance maladie\u2713 40% par votre mutuelle [&hellip;]<\/p>\n","protected":false},"author":1,"featured_media":0,"parent":0,"menu_order":0,"comment_status":"closed","ping_status":"closed","template":"","meta":{"ocean_post_layout":"","ocean_both_sidebars_style":"","ocean_both_sidebars_content_width":0,"ocean_both_sidebars_sidebars_width":0,"ocean_sidebar":"","ocean_second_sidebar":"","ocean_disable_margins":"enable","ocean_add_body_class":"","ocean_shortcode_before_top_bar":"","ocean_shortcode_after_top_bar":"","ocean_shortcode_before_header":"","ocean_shortcode_after_header":"","ocean_has_shortcode":"","ocean_shortcode_after_title":"","ocean_shortcode_before_footer_widgets":"","ocean_shortcode_after_footer_widgets":"","ocean_shortcode_before_footer_bottom":"","ocean_shortcode_after_footer_bottom":"","ocean_display_top_bar":"default","ocean_display_header":"default","ocean_header_style":"","ocean_center_header_left_menu":"","ocean_custom_header_template":"","ocean_custom_logo":0,"ocean_custom_retina_logo":0,"ocean_custom_logo_max_width":0,"ocean_custom_logo_tablet_max_width":0,"ocean_custom_logo_mobile_max_width":0,"ocean_custom_logo_max_height":0,"ocean_custom_logo_tablet_max_height":0,"ocean_custom_logo_mobile_max_height":0,"ocean_header_custom_menu":"","ocean_menu_typo_font_family":"","ocean_menu_typo_font_subset":"","ocean_menu_typo_font_size":0,"ocean_menu_typo_font_size_tablet":0,"ocean_menu_typo_font_size_mobile":0,"ocean_menu_typo_font_size_unit":"px","ocean_menu_typo_font_weight":"","ocean_menu_typo_font_weight_tablet":"","ocean_menu_typo_font_weight_mobile":"","ocean_menu_typo_transform":"","ocean_menu_typo_transform_tablet":"","ocean_menu_typo_transform_mobile":"","ocean_menu_typo_line_height":0,"ocean_menu_typo_line_height_tablet":0,"ocean_menu_typo_line_height_mobile":0,"ocean_menu_typo_line_height_unit":"","ocean_menu_typo_spacing":0,"ocean_menu_typo_spacing_tablet":0,"ocean_menu_typo_spacing_mobile":0,"ocean_menu_typo_spacing_unit":"","ocean_menu_link_color":"","ocean_menu_link_color_hover":"","ocean_menu_link_color_active":"","ocean_menu_link_background":"","ocean_menu_link_hover_background":"","ocean_menu_link_active_background":"","ocean_menu_social_links_bg":"","ocean_menu_social_hover_links_bg":"","ocean_menu_social_links_color":"","ocean_menu_social_hover_links_color":"","ocean_disable_title":"default","ocean_disable_heading":"default","ocean_post_title":"","ocean_post_subheading":"","ocean_post_title_style":"","ocean_post_title_background_color":"","ocean_post_title_background":0,"ocean_post_title_bg_image_position":"","ocean_post_title_bg_image_attachment":"","ocean_post_title_bg_image_repeat":"","ocean_post_title_bg_image_size":"","ocean_post_title_height":0,"ocean_post_title_bg_overlay":0.5,"ocean_post_title_bg_overlay_color":"","ocean_disable_breadcrumbs":"default","ocean_breadcrumbs_color":"","ocean_breadcrumbs_separator_color":"","ocean_breadcrumbs_links_color":"","ocean_breadcrumbs_links_hover_color":"","ocean_display_footer_widgets":"default","ocean_display_footer_bottom":"default","ocean_custom_footer_template":"","footnotes":""},"class_list":["post-2747","page","type-page","status-publish","hentry","entry"],"_links":{"self":[{"href":"https:\/\/cabinet-des-etoiles.fr\/index.php?rest_route=\/wp\/v2\/pages\/2747","targetHints":{"allow":["GET"]}}],"collection":[{"href":"https:\/\/cabinet-des-etoiles.fr\/index.php?rest_route=\/wp\/v2\/pages"}],"about":[{"href":"https:\/\/cabinet-des-etoiles.fr\/index.php?rest_route=\/wp\/v2\/types\/page"}],"author":[{"embeddable":true,"href":"https:\/\/cabinet-des-etoiles.fr\/index.php?rest_route=\/wp\/v2\/users\/1"}],"replies":[{"embeddable":true,"href":"https:\/\/cabinet-des-etoiles.fr\/index.php?rest_route=%2Fwp%2Fv2%2Fcomments&post=2747"}],"version-history":[{"count":314,"href":"https:\/\/cabinet-des-etoiles.fr\/index.php?rest_route=\/wp\/v2\/pages\/2747\/revisions"}],"predecessor-version":[{"id":4819,"href":"https:\/\/cabinet-des-etoiles.fr\/index.php?rest_route=\/wp\/v2\/pages\/2747\/revisions\/4819"}],"wp:attachment":[{"href":"https:\/\/cabinet-des-etoiles.fr\/index.php?rest_route=%2Fwp%2Fv2%2Fmedia&parent=2747"}],"curies":[{"name":"wp","href":"https:\/\/api.w.org\/{rel}","templated":true}]}}